{"id":86,"date":"2018-11-02T19:18:36","date_gmt":"2018-11-02T18:18:36","guid":{"rendered":"http:\/\/werra-hoerseleck.de\/?page_id=86"},"modified":"2025-05-01T09:47:18","modified_gmt":"2025-05-01T08:47:18","slug":"unsere-gewasser","status":"publish","type":"page","link":"https:\/\/werra-hoerseleck.de\/?page_id=86","title":{"rendered":"Unsere Gew\u00e4sser"},"content":{"rendered":"<p>In Pacht befinden sich derzeit vier unterschiedliche Angelgew\u00e4sser die f\u00fcr Abwechslung sorgen. Die drei stehenden Gew\u00e4sser haben eine Gesamtfl\u00e4che von derzeit ca. 8,5 ha und die Flie\u00dfgew\u00e4sserstrecken haben eine Gesamtl\u00e4nge von \u00fcber 9,0 km. Im einzelnen handelt es sich dabei um folgende Gew\u00e4sser:<\/p>\n<h5 style=\"text-align: center;\"><span style=\"color: #333399;\"><a style=\"color: #333399;\" href=\"https:\/\/www.google.com\/maps?ll=51.02672,10.23605&amp;z=17&amp;t=h\">Kiesgrube (Spichra)<\/a><\/span><a href=\"https:\/\/werra-hoerseleck.de\/wp-content\/uploads\/Kiesgrube.jpg.jpg\" target=\"_blank\" rel=\"noopener\"><img loading=\"lazy\" decoding=\"async\" class=\"aligncenter wp-image-365 size-thumbnail\" src=\"https:\/\/werra-hoerseleck.de\/wp-content\/uploads\/Kiesgrube.jpg-150x150.jpg\" alt=\"\" width=\"150\" height=\"150\" \/><\/a><a href=\"https:\/\/werra-hoerseleck.de\/wp-content\/uploads\/Kiesgrube-Spichra-1970.jpg\">Kiesgrube 1970\u00a0<img loading=\"lazy\" decoding=\"async\" class=\"aligncenter size-thumbnail wp-image-1708\" src=\"https:\/\/werra-hoerseleck.de\/wp-content\/uploads\/Kiesgrube-Spichra-1970-150x150.jpg\" alt=\"\" width=\"150\" height=\"150\" \/><\/a>Das Pachtgew\u00e4sser ist\u00a0<span style=\"font-family: inherit; font-size: 1rem;\">120 m lang,\u00a0<\/span>durchschnittlich\u00a0 \u00a050 m breit\u00a0und etwa\u00a0 0,60 \u00a0ha gro\u00df.<\/h5>\n<h5 style=\"text-align: center;\"><span style=\"color: #333399;\"><a style=\"color: #333399;\" href=\"https:\/\/www.google.com\/maps\/@51.0213289,10.2353865,467m\/data=!3m1!1e3\">Toter Arm<\/a><\/span><\/h5>\n<p><a href=\"https:\/\/werra-hoerseleck.de\/wp-content\/uploads\/Toter-Arm-gesperrter-Bereich.jpg\"><img loading=\"lazy\" decoding=\"async\" class=\"aligncenter wp-image-140\" src=\"https:\/\/werra-hoerseleck.de\/wp-content\/uploads\/Toter-Arm-gesperrter-Bereich.jpg\" alt=\"\" width=\"141\" height=\"108\" srcset=\"https:\/\/werra-hoerseleck.de\/wp-content\/uploads\/Toter-Arm-gesperrter-Bereich.jpg 712w, https:\/\/werra-hoerseleck.de\/wp-content\/uploads\/Toter-Arm-gesperrter-Bereich-300x230.jpg 300w\" sizes=\"auto, (max-width: 141px) 100vw, 141px\" \/><\/a><\/p>\n<!--[if lt IE 9]><script>document.createElement('video');<\/script><![endif]-->\n\t<div class=\"wp-playlist wp-video-playlist wp-playlist-light\">\n\t\t<video controls=\"controls\" preload=\"none\" width=\"666\"\n\t\t height=\"366\"\t><\/video>\n\t<div class=\"wp-playlist-next\"><\/div>\n\t<div class=\"wp-playlist-prev\"><\/div>\n\t<noscript>\n\t<ol>\n\t\t<li><a href='https:\/\/werra-hoerseleck.de\/wp-content\/uploads\/VID-20181226-WA0003.mp4'>Toter Arm Spichra<\/a><\/li>\t<\/ol>\n\t<\/noscript>\n\t<script type=\"application\/json\" class=\"wp-playlist-script\">{\"type\":\"video\",\"tracklist\":true,\"tracknumbers\":true,\"images\":true,\"artists\":true,\"tracks\":[{\"src\":\"https:\\\/\\\/werra-hoerseleck.de\\\/wp-content\\\/uploads\\\/VID-20181226-WA0003.mp4\",\"type\":\"video\\\/mp4\",\"title\":\"Toter Arm Spichra\",\"caption\":\"\",\"description\":\"\",\"meta\":{\"length_formatted\":\"1:12\"},\"dimensions\":{\"original\":{\"width\":640,\"height\":352},\"resized\":{\"width\":666,\"height\":366}},\"image\":{\"src\":\"https:\\\/\\\/werra-hoerseleck.de\\\/wp-includes\\\/images\\\/media\\\/video.svg\",\"width\":48,\"height\":64},\"thumb\":{\"src\":\"https:\\\/\\\/werra-hoerseleck.de\\\/wp-includes\\\/images\\\/media\\\/video.svg\",\"width\":48,\"height\":64}}]}<\/script>\n<\/div>\n\t\n<p>&nbsp;<\/p>\n<p>&nbsp;<\/p>\n<table>\n<tbody>\n<tr>\n<td width=\"154\">\n<p><figure id=\"attachment_161\" aria-describedby=\"caption-attachment-161\" style=\"width: 150px\" class=\"wp-caption aligncenter\"><a href=\"https:\/\/werra-hoerseleck.de\/wp-content\/uploads\/1.jpg\"><img loading=\"lazy\" decoding=\"async\" class=\"wp-image-161 size-thumbnail\" src=\"https:\/\/werra-hoerseleck.de\/wp-content\/uploads\/1-150x150.jpg\" alt=\"\" width=\"150\" height=\"150\" \/><\/a><figcaption id=\"caption-attachment-161\" class=\"wp-caption-text\">Offener Toter Arm<\/figcaption><\/figure><\/td>\n<td width=\"154\"><a href=\"https:\/\/werra-hoerseleck.de\/wp-content\/uploads\/steg-5.jpg\" target=\"_blank\" rel=\"noopener\"><img loading=\"lazy\" decoding=\"async\" class=\"alignnone wp-image-134 size-thumbnail\" src=\"https:\/\/werra-hoerseleck.de\/wp-content\/uploads\/steg-5-150x150.jpg\" alt=\"\" width=\"150\" height=\"150\" \/><\/a><\/td>\n<td width=\"154\"><a href=\"https:\/\/werra-hoerseleck.de\/wp-content\/uploads\/Toter_Arm_1_200.jpg\" target=\"_blank\" rel=\"noopener\"><img loading=\"lazy\" decoding=\"async\" class=\"alignnone wp-image-142 size-thumbnail\" src=\"https:\/\/werra-hoerseleck.de\/wp-content\/uploads\/Toter_Arm_1_200-150x150.jpg\" alt=\"\" width=\"150\" height=\"150\" \/><\/a><\/td>\n<td width=\"154\">\n<p><figure id=\"attachment_412\" aria-describedby=\"caption-attachment-412\" style=\"width: 150px\" class=\"wp-caption alignnone\"><a href=\"https:\/\/werra-hoerseleck.de\/wp-content\/uploads\/Toto.jpg\" target=\"_blank\" rel=\"noopener\"><img loading=\"lazy\" decoding=\"async\" class=\"wp-image-412 size-thumbnail\" src=\"https:\/\/werra-hoerseleck.de\/wp-content\/uploads\/Toto-150x150.jpg\" alt=\"\" width=\"150\" height=\"150\" \/><\/a><figcaption id=\"caption-attachment-412\" class=\"wp-caption-text\">Toter Arm Richtung Pferdsdorf<\/figcaption><\/figure><\/td>\n<\/tr>\n<\/tbody>\n<\/table>\n<p>&nbsp;<\/p>\n<h5 style=\"text-align: center;\"><span style=\"color: #333399;\"><a style=\"color: #333399;\" href=\"https:\/\/www.google.com\/maps?ll=51.02319,10.19923&amp;z=13&amp;t=h\">Werra Abschnitt 1 (H\u00f6rschel \u2013 Creuzburg)<\/a><\/span><\/h5>\n<p style=\"text-align: center;\"><a href=\"https:\/\/werra-hoerseleck.de\/wp-content\/uploads\/Werra-Unser-Gew\u00e4sser-1.jpg\"><img loading=\"lazy\" decoding=\"async\" class=\"aligncenter wp-image-371\" src=\"https:\/\/werra-hoerseleck.de\/wp-content\/uploads\/Werra-Unser-Gew\u00e4sser-1.jpg\" alt=\"\" width=\"67\" height=\"108\" srcset=\"https:\/\/werra-hoerseleck.de\/wp-content\/uploads\/Werra-Unser-Gew\u00e4sser-1.jpg 419w, https:\/\/werra-hoerseleck.de\/wp-content\/uploads\/Werra-Unser-Gew\u00e4sser-1-187x300.jpg 187w\" sizes=\"auto, (max-width: 67px) 100vw, 67px\" \/><\/a><\/p>\n<div id='gallery-1' class='gallery galleryid-86 gallery-columns-6 gallery-size-thumbnail'><figure class='gallery-item'>\n\t\t\t<div class='gallery-icon landscape'>\n\t\t\t\t<a href='https:\/\/werra-hoerseleck.de\/?attachment_id=1039'><img loading=\"lazy\" decoding=\"async\" width=\"150\" height=\"150\" src=\"https:\/\/werra-hoerseleck.de\/wp-content\/uploads\/20170610_110906-150x150.jpg\" class=\"attachment-thumbnail size-thumbnail\" alt=\"\" aria-describedby=\"gallery-1-1039\" \/><\/a>\n\t\t\t<\/div>\n\t\t\t\t<figcaption class='wp-caption-text gallery-caption' id='gallery-1-1039'>\n\t\t\t\t?\n\t\t\t\t<\/figcaption><\/figure><figure class='gallery-item'>\n\t\t\t<div class='gallery-icon landscape'>\n\t\t\t\t<a href='https:\/\/werra-hoerseleck.de\/?attachment_id=1045'><img loading=\"lazy\" decoding=\"async\" width=\"150\" height=\"150\" src=\"https:\/\/werra-hoerseleck.de\/wp-content\/uploads\/20170610_115435-150x150.jpg\" class=\"attachment-thumbnail size-thumbnail\" alt=\"\" aria-describedby=\"gallery-1-1045\" \/><\/a>\n\t\t\t<\/div>\n\t\t\t\t<figcaption class='wp-caption-text gallery-caption' id='gallery-1-1045'>\n\t\t\t\t?\n\t\t\t\t<\/figcaption><\/figure><figure class='gallery-item'>\n\t\t\t<div class='gallery-icon landscape'>\n\t\t\t\t<a href='https:\/\/werra-hoerseleck.de\/?attachment_id=1048'><img loading=\"lazy\" decoding=\"async\" width=\"150\" height=\"150\" src=\"https:\/\/werra-hoerseleck.de\/wp-content\/uploads\/20170610_120331-150x150.jpg\" class=\"attachment-thumbnail size-thumbnail\" alt=\"\" aria-describedby=\"gallery-1-1048\" \/><\/a>\n\t\t\t<\/div>\n\t\t\t\t<figcaption class='wp-caption-text gallery-caption' id='gallery-1-1048'>\n\t\t\t\t?\n\t\t\t\t<\/figcaption><\/figure><figure class='gallery-item'>\n\t\t\t<div class='gallery-icon landscape'>\n\t\t\t\t<a href='https:\/\/werra-hoerseleck.de\/?attachment_id=1047'><img loading=\"lazy\" decoding=\"async\" width=\"150\" height=\"150\" src=\"https:\/\/werra-hoerseleck.de\/wp-content\/uploads\/20170610_115519-150x150.jpg\" class=\"attachment-thumbnail size-thumbnail\" alt=\"\" aria-describedby=\"gallery-1-1047\" \/><\/a>\n\t\t\t<\/div>\n\t\t\t\t<figcaption class='wp-caption-text gallery-caption' id='gallery-1-1047'>\n\t\t\t\t?\n\t\t\t\t<\/figcaption><\/figure><figure class='gallery-item'>\n\t\t\t<div class='gallery-icon landscape'>\n\t\t\t\t<a href='https:\/\/werra-hoerseleck.de\/?attachment_id=1050'><img loading=\"lazy\" decoding=\"async\" width=\"150\" height=\"150\" src=\"https:\/\/werra-hoerseleck.de\/wp-content\/uploads\/20170610_120600-150x150.jpg\" class=\"attachment-thumbnail size-thumbnail\" alt=\"\" aria-describedby=\"gallery-1-1050\" \/><\/a>\n\t\t\t<\/div>\n\t\t\t\t<figcaption class='wp-caption-text gallery-caption' id='gallery-1-1050'>\n\t\t\t\t?\n\t\t\t\t<\/figcaption><\/figure><figure class='gallery-item'>\n\t\t\t<div class='gallery-icon landscape'>\n\t\t\t\t<a href='https:\/\/werra-hoerseleck.de\/?attachment_id=1049'><img loading=\"lazy\" decoding=\"async\" width=\"150\" height=\"150\" src=\"https:\/\/werra-hoerseleck.de\/wp-content\/uploads\/20170610_120455-150x150.jpg\" class=\"attachment-thumbnail size-thumbnail\" alt=\"\" aria-describedby=\"gallery-1-1049\" \/><\/a>\n\t\t\t<\/div>\n\t\t\t\t<figcaption class='wp-caption-text gallery-caption' id='gallery-1-1049'>\n\t\t\t\t?\n\t\t\t\t<\/figcaption><\/figure><figure class='gallery-item'>\n\t\t\t<div class='gallery-icon landscape'>\n\t\t\t\t<a href='https:\/\/werra-hoerseleck.de\/?attachment_id=1042'><img loading=\"lazy\" decoding=\"async\" width=\"150\" height=\"150\" src=\"https:\/\/werra-hoerseleck.de\/wp-content\/uploads\/20170610_115121-Kopie-150x150.jpg\" class=\"attachment-thumbnail size-thumbnail\" alt=\"\" aria-describedby=\"gallery-1-1042\" \/><\/a>\n\t\t\t<\/div>\n\t\t\t\t<figcaption class='wp-caption-text gallery-caption' id='gallery-1-1042'>\n\t\t\t\t?\n\t\t\t\t<\/figcaption><\/figure><figure class='gallery-item'>\n\t\t\t<div class='gallery-icon portrait'>\n\t\t\t\t<a href='https:\/\/werra-hoerseleck.de\/?attachment_id=1044'><img loading=\"lazy\" decoding=\"async\" width=\"150\" height=\"150\" src=\"https:\/\/werra-hoerseleck.de\/wp-content\/uploads\/20170610_115139-1-Kopie-150x150.jpg\" class=\"attachment-thumbnail size-thumbnail\" alt=\"\" \/><\/a>\n\t\t\t<\/div><\/figure><figure class='gallery-item'>\n\t\t\t<div class='gallery-icon landscape'>\n\t\t\t\t<a href='https:\/\/werra-hoerseleck.de\/?attachment_id=1041'><img loading=\"lazy\" decoding=\"async\" width=\"150\" height=\"150\" src=\"https:\/\/werra-hoerseleck.de\/wp-content\/uploads\/20170610_115118-150x150.jpg\" class=\"attachment-thumbnail size-thumbnail\" alt=\"\" aria-describedby=\"gallery-1-1041\" \/><\/a>\n\t\t\t<\/div>\n\t\t\t\t<figcaption class='wp-caption-text gallery-caption' id='gallery-1-1041'>\n\t\t\t\t?\n\t\t\t\t<\/figcaption><\/figure><figure class='gallery-item'>\n\t\t\t<div class='gallery-icon landscape'>\n\t\t\t\t<a href='https:\/\/werra-hoerseleck.de\/?attachment_id=1043'><img loading=\"lazy\" decoding=\"async\" width=\"150\" height=\"150\" src=\"https:\/\/werra-hoerseleck.de\/wp-content\/uploads\/20170610_115121-150x150.jpg\" class=\"attachment-thumbnail size-thumbnail\" alt=\"\" aria-describedby=\"gallery-1-1043\" \/><\/a>\n\t\t\t<\/div>\n\t\t\t\t<figcaption class='wp-caption-text gallery-caption' id='gallery-1-1043'>\n\t\t\t\t?\n\t\t\t\t<\/figcaption><\/figure><figure class='gallery-item'>\n\t\t\t<div class='gallery-icon landscape'>\n\t\t\t\t<a href='https:\/\/werra-hoerseleck.de\/?attachment_id=1046'><img loading=\"lazy\" decoding=\"async\" width=\"150\" height=\"150\" src=\"https:\/\/werra-hoerseleck.de\/wp-content\/uploads\/20170610_115447-150x150.jpg\" class=\"attachment-thumbnail size-thumbnail\" alt=\"\" aria-describedby=\"gallery-1-1046\" \/><\/a>\n\t\t\t<\/div>\n\t\t\t\t<figcaption class='wp-caption-text gallery-caption' id='gallery-1-1046'>\n\t\t\t\t?\n\t\t\t\t<\/figcaption><\/figure><figure class='gallery-item'>\n\t\t\t<div class='gallery-icon landscape'>\n\t\t\t\t<a href='https:\/\/werra-hoerseleck.de\/?attachment_id=1038'><img loading=\"lazy\" decoding=\"async\" width=\"150\" height=\"150\" src=\"https:\/\/werra-hoerseleck.de\/wp-content\/uploads\/20170610_110859-150x150.jpg\" class=\"attachment-thumbnail size-thumbnail\" alt=\"\" aria-describedby=\"gallery-1-1038\" \/><\/a>\n\t\t\t<\/div>\n\t\t\t\t<figcaption class='wp-caption-text gallery-caption' id='gallery-1-1038'>\n\t\t\t\t?\n\t\t\t\t<\/figcaption><\/figure><figure class='gallery-item'>\n\t\t\t<div class='gallery-icon landscape'>\n\t\t\t\t<a href='https:\/\/werra-hoerseleck.de\/?attachment_id=1040'><img loading=\"lazy\" decoding=\"async\" width=\"150\" height=\"150\" src=\"https:\/\/werra-hoerseleck.de\/wp-content\/uploads\/20170610_111637-150x150.jpg\" class=\"attachment-thumbnail size-thumbnail\" alt=\"\" aria-describedby=\"gallery-1-1040\" \/><\/a>\n\t\t\t<\/div>\n\t\t\t\t<figcaption class='wp-caption-text gallery-caption' id='gallery-1-1040'>\n\t\t\t\t?\n\t\t\t\t<\/figcaption><\/figure>\n\t\t<\/div>\n\n<h5 style=\"text-align: center;\"><span style=\"text-decoration: underline;\"><span style=\"color: #000080;\"><a style=\"color: #000080; text-decoration: underline;\" href=\"https:\/\/werra-hoerseleck.de\/wp-content\/uploads\/Werra-G\u00f6ringen.jpg\">Werra Abschnitt 1 (Lauchr\u00f6den\u2013 Wartha)<\/a><\/span><\/span><\/h5>\n<p><a href=\"https:\/\/werra-hoerseleck.de\/wp-content\/uploads\/Werra-G\u00f6ringen.jpg\"><img loading=\"lazy\" decoding=\"async\" class=\"aligncenter size-thumbnail wp-image-1821\" src=\"https:\/\/werra-hoerseleck.de\/wp-content\/uploads\/Werra-G\u00f6ringen-150x150.jpg\" alt=\"\" width=\"150\" height=\"150\" \/><\/a><a href=\"https:\/\/werra-hoerseleck.de\/wp-content\/uploads\/Werra-G\u00f6ringen-1.jpg\" target=\"_blank\" rel=\"noopener\"><img loading=\"lazy\" decoding=\"async\" class=\"wp-image-1808 size-thumbnail aligncenter\" src=\"https:\/\/werra-hoerseleck.de\/wp-content\/uploads\/Werra-G\u00f6ringen-1-150x150.jpg\" alt=\"\" width=\"150\" height=\"150\" \/><\/a><\/p>\n<p>&nbsp;<\/p>\n<h5 style=\"text-align: center;\"><span style=\"color: #333399;\"><a style=\"color: #333399;\" href=\"https:\/\/www.google.com\/maps\/@50.9864438,10.2195462,393m\/data=!3m1!1e3\">\u00a0Schimmelsgrund (Neuenhof)<\/a><\/span><\/h5>\n<p>&nbsp;<\/p>\n<table style=\"height: 126px;\" width=\"760\">\n<tbody>\n<tr>\n<td width=\"154\"><a href=\"https:\/\/werra-hoerseleck.de\/wp-content\/uploads\/DSC00197.jpg\" target=\"_blank\" rel=\"noopener\"><img loading=\"lazy\" decoding=\"async\" class=\"aligncenter wp-image-423 size-thumbnail\" title=\"Hegefischen\" src=\"https:\/\/werra-hoerseleck.de\/wp-content\/uploads\/DSC00197-150x150.jpg\" alt=\"\" width=\"150\" height=\"150\" \/><\/a><\/td>\n<td width=\"154\">\u00a0<a href=\"https:\/\/werra-hoerseleck.de\/wp-content\/uploads\/Schimmelsgrund_03.jpg\" target=\"_blank\" rel=\"noopener\"><img loading=\"lazy\" decoding=\"async\" class=\"wp-image-124 aligncenter\" src=\"https:\/\/werra-hoerseleck.de\/wp-content\/uploads\/Schimmelsgrund_03.jpg\" alt=\"\" width=\"253\" height=\"150\" srcset=\"https:\/\/werra-hoerseleck.de\/wp-content\/uploads\/Schimmelsgrund_03.jpg 490w, https:\/\/werra-hoerseleck.de\/wp-content\/uploads\/Schimmelsgrund_03-300x178.jpg 300w\" sizes=\"auto, (max-width: 253px) 100vw, 253px\" \/><\/a><\/td>\n<td width=\"154\"><a href=\"https:\/\/werra-hoerseleck.de\/wp-content\/uploads\/He-16-5.jpg\" target=\"_blank\" rel=\"noopener\"><img loading=\"lazy\" decoding=\"async\" class=\"wp-image-254 aligncenter\" src=\"https:\/\/werra-hoerseleck.de\/wp-content\/uploads\/He-16-5.jpg\" alt=\"\" width=\"200\" height=\"150\" srcset=\"https:\/\/werra-hoerseleck.de\/wp-content\/uploads\/He-16-5.jpg 1024w, https:\/\/werra-hoerseleck.de\/wp-content\/uploads\/He-16-5-300x225.jpg 300w, https:\/\/werra-hoerseleck.de\/wp-content\/uploads\/He-16-5-768x576.jpg 768w\" sizes=\"auto, (max-width: 200px) 100vw, 200px\" \/><\/a><\/td>\n<td width=\"154\"><a href=\"https:\/\/werra-hoerseleck.de\/wp-content\/uploads\/He-16-4.jpg\" target=\"_blank\" rel=\"noopener\"><img loading=\"lazy\" decoding=\"async\" class=\"aligncenter wp-image-253\" src=\"https:\/\/werra-hoerseleck.de\/wp-content\/uploads\/He-16-4.jpg\" alt=\"\" width=\"200\" height=\"150\" srcset=\"https:\/\/werra-hoerseleck.de\/wp-content\/uploads\/He-16-4.jpg 1024w, https:\/\/werra-hoerseleck.de\/wp-content\/uploads\/He-16-4-300x225.jpg 300w, https:\/\/werra-hoerseleck.de\/wp-content\/uploads\/He-16-4-768x576.jpg 768w\" sizes=\"auto, (max-width: 200px) 100vw, 200px\" \/><\/a><\/td>\n<\/tr>\n<\/tbody>\n<\/table>\n<h5 style=\"text-align: center;\"><span style=\"color: #333399;\">H\u00f6rsel Abschitt (Stedtfeld \u2013 H\u00f6rschel)<\/span><\/h5>\n<p><a href=\"https:\/\/werra-hoerseleck.de\/wp-content\/uploads\/H\u00f6rsel-Pachtgew\u00e4sser.jpg\" target=\"_blank\" rel=\"noopener\"><img loading=\"lazy\" decoding=\"async\" class=\"wp-image-408 aligncenter\" src=\"https:\/\/werra-hoerseleck.de\/wp-content\/uploads\/H\u00f6rsel-Pachtgew\u00e4sser.jpg\" alt=\"\" width=\"182\" height=\"124\" srcset=\"https:\/\/werra-hoerseleck.de\/wp-content\/uploads\/H\u00f6rsel-Pachtgew\u00e4sser.jpg 724w, https:\/\/werra-hoerseleck.de\/wp-content\/uploads\/H\u00f6rsel-Pachtgew\u00e4sser-300x204.jpg 300w\" sizes=\"auto, (max-width: 182px) 100vw, 182px\" \/><\/a><\/p>\n<table>\n<tbody>\n<tr>\n<td width=\"154\"><a href=\"https:\/\/werra-hoerseleck.de\/wp-content\/uploads\/Werraeck.jpg\" target=\"_blank\" rel=\"noopener\"><img loading=\"lazy\" decoding=\"async\" class=\"alignnone wp-image-352 size-thumbnail\" src=\"https:\/\/werra-hoerseleck.de\/wp-content\/uploads\/Werraeck-150x150.jpg\" alt=\"\" width=\"150\" height=\"150\" \/><\/a><\/td>\n<td width=\"154\"><a href=\"https:\/\/werra-hoerseleck.de\/wp-content\/uploads\/hk11.jpg\" target=\"_blank\" rel=\"noopener\"><img loading=\"lazy\" decoding=\"async\" class=\"alignnone wp-image-262 size-thumbnail\" src=\"https:\/\/werra-hoerseleck.de\/wp-content\/uploads\/hk11-150x150.jpg\" alt=\"\" width=\"150\" height=\"150\" \/><\/a><\/td>\n<td width=\"154\"><a href=\"https:\/\/werra-hoerseleck.de\/wp-content\/uploads\/hk21.jpg\" target=\"_blank\" rel=\"noopener\"><img loading=\"lazy\" decoding=\"async\" class=\"alignnone wp-image-263 size-thumbnail\" src=\"https:\/\/werra-hoerseleck.de\/wp-content\/uploads\/hk21-150x150.jpg\" alt=\"\" width=\"150\" height=\"150\" \/><\/a><\/td>\n<td width=\"154\"><a href=\"https:\/\/werra-hoerseleck.de\/wp-content\/uploads\/DSC00089.jpg\" target=\"_blank\" rel=\"noopener\"><img loading=\"lazy\" decoding=\"async\" class=\"alignnone wp-image-410 size-thumbnail\" src=\"https:\/\/werra-hoerseleck.de\/wp-content\/uploads\/DSC00089-150x150.jpg\" alt=\"\" width=\"150\" height=\"150\" \/><\/a><\/td>\n<\/tr>\n<\/tbody>\n<\/table>\n<p>&nbsp;<\/p>\n<p>&nbsp;<\/p>\n","protected":false},"excerpt":{"rendered":"<p>In Pacht befinden sich derzeit vier unterschiedliche Angelgew\u00e4sser die f\u00fcr Abwechslung sorgen. Die drei stehenden Gew\u00e4sser haben eine Gesamtfl\u00e4che von&hellip;<\/p>\n","protected":false},"author":1,"featured_media":0,"parent":82,"menu_order":0,"comment_status":"closed","ping_status":"closed","template":"","meta":{"footnotes":""},"class_list":["post-86","page","type-page","status-publish","hentry"],"_links":{"self":[{"href":"https:\/\/werra-hoerseleck.de\/index.php?rest_route=\/wp\/v2\/pages\/86","targetHints":{"allow":["GET"]}}],"collection":[{"href":"https:\/\/werra-hoerseleck.de\/index.php?rest_route=\/wp\/v2\/pages"}],"about":[{"href":"https:\/\/werra-hoerseleck.de\/index.php?rest_route=\/wp\/v2\/types\/page"}],"author":[{"embeddable":true,"href":"https:\/\/werra-hoerseleck.de\/index.php?rest_route=\/wp\/v2\/users\/1"}],"replies":[{"embeddable":true,"href":"https:\/\/werra-hoerseleck.de\/index.php?rest_route=%2Fwp%2Fv2%2Fcomments&post=86"}],"version-history":[{"count":45,"href":"https:\/\/werra-hoerseleck.de\/index.php?rest_route=\/wp\/v2\/pages\/86\/revisions"}],"predecessor-version":[{"id":2649,"href":"https:\/\/werra-hoerseleck.de\/index.php?rest_route=\/wp\/v2\/pages\/86\/revisions\/2649"}],"up":[{"embeddable":true,"href":"https:\/\/werra-hoerseleck.de\/index.php?rest_route=\/wp\/v2\/pages\/82"}],"wp:attachment":[{"href":"https:\/\/werra-hoerseleck.de\/index.php?rest_route=%2Fwp%2Fv2%2Fmedia&parent=86"}],"curies":[{"name":"wp","href":"https:\/\/api.w.org\/{rel}","templated":true}]}}