{"id":475,"date":"2018-11-19T16:58:58","date_gmt":"2018-11-19T15:58:58","guid":{"rendered":"http:\/\/werra-hoerseleck.de\/?page_id=475"},"modified":"2025-08-05T11:34:12","modified_gmt":"2025-08-05T10:34:12","slug":"vereinsdokumente","status":"publish","type":"page","link":"https:\/\/werra-hoerseleck.de\/?page_id=475","title":{"rendered":"Vereinsdokumente"},"content":{"rendered":"<p>Hier k\u00f6nnen die aktuellen Vereinsdokumente herunter geladen werden.<\/p>\n<p><a href=\"https:\/\/werra-hoerseleck.de\/wp-content\/uploads\/Aufnahmeantrag_2025_final.pdf\" target=\"_blank\" rel=\"noopener\"><span style=\"color: #ff0000;\"><strong>Aufnahmeantrag\u00a0<\/strong><\/span><\/a><\/p>\n<p dir=\"ltr\" data-placeholder=\"\u00dcbersetzung\"><span style=\"color: #ff0000;\"><strong><a style=\"color: #ff0000;\" href=\"https:\/\/werra-hoerseleck.de\/wp-content\/uploads\/sepa_Verein_2024.pdf\" target=\"_blank\" rel=\"noopener\">SEPA Lastschriftmandat f\u00fcr Beitrag<\/a><\/strong><\/span><\/p>\n<p><strong><span style=\"color: #ff0000;\"><a style=\"color: #ff0000;\" href=\"https:\/\/werra-hoerseleck.de\/wp-content\/uploads\/SATZUNG-neue-2018-2.pdf\" target=\"_blank\" rel=\"noopener\">SATZUNG 2018<\/a><\/span><\/strong><\/p>\n<p><span style=\"color: #ff0000;\"><a style=\"color: #ff0000;\" href=\"https:\/\/werra-hoerseleck.de\/wp-content\/uploads\/Finanzordnung_Werra-Hoerseleck-1.pdf\" target=\"_blank\" rel=\"noopener\"><strong>Finanz- und Geb\u00fchrenordnung<\/strong><\/a><\/span><\/p>\n<p><span style=\"color: #ff0000;\"><a style=\"color: #ff0000;\" href=\"https:\/\/werra-hoerseleck.de\/wp-content\/uploads\/Fangbuecher_20xx.pdf\" target=\"_blank\" rel=\"noopener\"><strong>Fangliste Erg\u00e4nzung<\/strong><\/a><\/span><\/p>\n","protected":false},"excerpt":{"rendered":"<p>Hier k\u00f6nnen die aktuellen Vereinsdokumente herunter geladen werden. Aufnahmeantrag\u00a0 SEPA Lastschriftmandat f\u00fcr Beitrag SATZUNG 2018 Finanz- und Geb\u00fchrenordnung Fangliste Erg\u00e4nzung<\/p>\n","protected":false},"author":1,"featured_media":0,"parent":0,"menu_order":0,"comment_status":"closed","ping_status":"closed","template":"","meta":{"footnotes":""},"class_list":["post-475","page","type-page","status-publish","hentry"],"_links":{"self":[{"href":"https:\/\/werra-hoerseleck.de\/index.php?rest_route=\/wp\/v2\/pages\/475","targetHints":{"allow":["GET"]}}],"collection":[{"href":"https:\/\/werra-hoerseleck.de\/index.php?rest_route=\/wp\/v2\/pages"}],"about":[{"href":"https:\/\/werra-hoerseleck.de\/index.php?rest_route=\/wp\/v2\/types\/page"}],"author":[{"embeddable":true,"href":"https:\/\/werra-hoerseleck.de\/index.php?rest_route=\/wp\/v2\/users\/1"}],"replies":[{"embeddable":true,"href":"https:\/\/werra-hoerseleck.de\/index.php?rest_route=%2Fwp%2Fv2%2Fcomments&post=475"}],"version-history":[{"count":53,"href":"https:\/\/werra-hoerseleck.de\/index.php?rest_route=\/wp\/v2\/pages\/475\/revisions"}],"predecessor-version":[{"id":2696,"href":"https:\/\/werra-hoerseleck.de\/index.php?rest_route=\/wp\/v2\/pages\/475\/revisions\/2696"}],"wp:attachment":[{"href":"https:\/\/werra-hoerseleck.de\/index.php?rest_route=%2Fwp%2Fv2%2Fmedia&parent=475"}],"curies":[{"name":"wp","href":"https:\/\/api.w.org\/{rel}","templated":true}]}}