{"id":373,"date":"2018-11-05T17:59:53","date_gmt":"2018-11-05T16:59:53","guid":{"rendered":"http:\/\/werra-hoerseleck.de\/?page_id=373"},"modified":"2024-10-24T10:34:57","modified_gmt":"2024-10-24T09:34:57","slug":"kontakt","status":"publish","type":"page","link":"https:\/\/werra-hoerseleck.de\/?page_id=373","title":{"rendered":"Kontakt"},"content":{"rendered":"<p><span style=\"color: #000000;\"><span style=\"font-size: medium;\"><b>Gesch\u00e4ftsf\u00fchrender Vorstand<\/b><\/span><\/span><\/p>\n<p><span style=\"color: #000000;\"><span style=\"font-size: small;\"><b>1. Vorsitzender<\/b><\/span><\/span><\/p>\n<p><span style=\"color: #000000;\"><span style=\"font-size: small;\">J\u00fcrgen Rodeck<br \/>\nMadelblick 8<br \/>\n99819 Krauthausen<br \/>\nTel.: ol73-l847958<\/span><\/span><\/p>\n<p><span style=\"color: #000000;\"><span style=\"font-size: small;\"><b>2. Vorsitzender<\/b><\/span><\/span><\/p>\n<p><span style=\"color: #000000;\"><span style=\"font-size: small;\">Dietmar Weichardt<br \/>\nasv.werra-hoerseleck(at)gmx.de<\/span><\/span><\/p>\n<p><span style=\"color: #000000;\"><span style=\"font-size: small;\"><br \/>\n<\/span><\/span><span style=\"color: #000000;\"><span style=\"font-size: small;\"><b>Schatzmeister<\/b><\/span><\/span><\/p>\n<p><span style=\"color: #000000;\"><span style=\"font-size: small;\">Enrico Bremer<br \/>\nasv.werra-hoersleck@gmx.de<\/span><\/span><\/p>\n<p>&nbsp;<\/p>\n<p><span style=\"color: #000000;\"><span style=\"font-size: small;\"><b>eMail \u2013 Adresse des Vereins<\/b><\/span><\/span><\/p>\n<p><span style=\"font-size: small;\"><span style=\"color: #000000;\">asv.werra-hoerseleck@gmx.de<\/span> <\/span><\/p>\n","protected":false},"excerpt":{"rendered":"<p>Gesch\u00e4ftsf\u00fchrender Vorstand 1. Vorsitzender J\u00fcrgen Rodeck Madelblick 8 99819 Krauthausen Tel.: ol73-l847958 2. Vorsitzender Dietmar Weichardt asv.werra-hoerseleck(at)gmx.de Schatzmeister Enrico Bremer&hellip;<\/p>\n","protected":false},"author":1,"featured_media":0,"parent":0,"menu_order":0,"comment_status":"closed","ping_status":"closed","template":"","meta":{"footnotes":""},"class_list":["post-373","page","type-page","status-publish","hentry"],"_links":{"self":[{"href":"https:\/\/werra-hoerseleck.de\/index.php?rest_route=\/wp\/v2\/pages\/373","targetHints":{"allow":["GET"]}}],"collection":[{"href":"https:\/\/werra-hoerseleck.de\/index.php?rest_route=\/wp\/v2\/pages"}],"about":[{"href":"https:\/\/werra-hoerseleck.de\/index.php?rest_route=\/wp\/v2\/types\/page"}],"author":[{"embeddable":true,"href":"https:\/\/werra-hoerseleck.de\/index.php?rest_route=\/wp\/v2\/users\/1"}],"replies":[{"embeddable":true,"href":"https:\/\/werra-hoerseleck.de\/index.php?rest_route=%2Fwp%2Fv2%2Fcomments&post=373"}],"version-history":[{"count":44,"href":"https:\/\/werra-hoerseleck.de\/index.php?rest_route=\/wp\/v2\/pages\/373\/revisions"}],"predecessor-version":[{"id":2598,"href":"https:\/\/werra-hoerseleck.de\/index.php?rest_route=\/wp\/v2\/pages\/373\/revisions\/2598"}],"wp:attachment":[{"href":"https:\/\/werra-hoerseleck.de\/index.php?rest_route=%2Fwp%2Fv2%2Fmedia&parent=373"}],"curies":[{"name":"wp","href":"https:\/\/api.w.org\/{rel}","templated":true}]}}