{"id":342,"date":"2018-11-03T15:26:26","date_gmt":"2018-11-03T14:26:26","guid":{"rendered":"http:\/\/werra-hoerseleck.de\/?page_id=342"},"modified":"2025-06-03T12:26:28","modified_gmt":"2025-06-03T11:26:28","slug":"gaste-gastangler","status":"publish","type":"page","link":"https:\/\/werra-hoerseleck.de\/?page_id=342","title":{"rendered":"Gastangler Angelkarten"},"content":{"rendered":"<p><strong>Werte G\u00e4ste, Werte Gastangler,\u00a0<\/strong><\/p>\n<p><strong><span style=\"color: #ff0000;\">Es erfolgt kein Verkauf von Tageskarten an Inhaber von Touristenscheinen!!<\/span><\/strong><\/p>\n<p>&nbsp;<\/p>\n<p>dieser Bereich ist f\u00fcr Gastangler gesperrt !<\/p>\n<p><img loading=\"lazy\" decoding=\"async\" class=\"alignnone size-full wp-image-140\" src=\"https:\/\/werra-hoerseleck.de\/wp-content\/uploads\/Toter-Arm-gesperrter-Bereich.jpg\" alt=\"\" width=\"712\" height=\"546\" srcset=\"https:\/\/werra-hoerseleck.de\/wp-content\/uploads\/Toter-Arm-gesperrter-Bereich.jpg 712w, https:\/\/werra-hoerseleck.de\/wp-content\/uploads\/Toter-Arm-gesperrter-Bereich-300x230.jpg 300w\" sizes=\"auto, (max-width: 712px) 100vw, 712px\" \/><\/p>\n<p>Frei sind f\u00fcr Gastangler alle Werrastrecken<\/p>\n<p>Gastkarten zu 15,-\u20ac \/gelten 24 Stunden k\u00f6nnen bei den nachfolgenden Verkaufsstellen erworben werden<\/p>\n<p><strong>Verkauf der Gastangelkarten erfolgt wieder ab dem 01. M\u00e4rz 2025!<\/strong><\/p>\n<p>&nbsp;<\/p>\n<p><strong>Zoo-&amp; Angelzentrum &#8222;Tierisch In&#8220; \u00a0 \u00a0 \u00a0 \u00a0 \u00a0 \u00a0 \u00a0 \u00a0 \u00a0 \u00a0 \u00a0 \u00a0 \u00a0 Tor zum Rennsteig<\/strong><br \/>\nim EKZ Marktkauf \u00a0 \u00a0 \u00a0 <strong>\u00a0 \u00a0 \u00a0 \u00a0 \u00a0 \u00a0 \u00a0 \u00a0 \u00a0 \u00a0 \u00a0 \u00a0 \u00a0 \u00a0 \u00a0 \u00a0 \u00a0 \u00a0 \u00a0 \u00a0 \u00a0 \u00a0 \u00a0 \u00a0 \u00a0 \u00a0 \u00a0 \u00a0 \u00a0<\/strong>Peter Kirchne<strong>r<\/strong><br \/>\nM\u00fchlh\u00e4userstr. 110 \u00a0 \u00a0 \u00a0 \u00a0 \u00a0 \u00a0 \u00a0 \u00a0 \u00a0 \u00a0 \u00a0 \u00a0 \u00a0 \u00a0 \u00a0 \u00a0 \u00a0 \u00a0 \u00a0 \u00a0 \u00a0 \u00a0 \u00a0 \u00a0 \u00a0 \u00a0 \u00a0 \u00a0 \u00a0 \u00a0 \u00a0 \u00a0 \u00a0Unterstra\u00dfe 2-4<br \/>\n99817 Eisenach \u00a0 \u00a0 \u00a0 \u00a0 \u00a0 \u00a0 \u00a0 \u00a0 \u00a0 \u00a0 \u00a0 \u00a0 \u00a0 \u00a0 \u00a0 \u00a0 \u00a0 \u00a0 \u00a0 \u00a0 \u00a0 \u00a0 \u00a0 \u00a0 \u00a0 \u00a0 \u00a0 \u00a0 \u00a0 \u00a0 \u00a0 \u00a0 \u00a0 \u00a0 \u00a0 \u00a0 99817 Eisenach OT H\u00f6rschel<br \/>\nTel.: 03691\/890507 \u00a0 \u00a0 \u00a0 \u00a0 \u00a0 \u00a0 \u00a0 \u00a0 \u00a0 \u00a0 \u00a0 \u00a0 \u00a0 \u00a0 \u00a0 \u00a0 \u00a0 \u00a0 \u00a0 \u00a0 \u00a0 \u00a0 \u00a0 \u00a0 \u00a0 \u00a0 \u00a0 \u00a0 \u00a0 \u00a0 \u00a0 \u00a0 Tel.:036928\/90605<\/p>\n<p>&nbsp;<\/p>\n<p>Nur nach telefonischer R\u00fccksprache<\/p>\n<p><strong>J\u00fcrgen Rodeck<\/strong><\/p>\n<p>0173 1847958<\/p>\n<p><strong>Danny Maloszyk<\/strong><\/p>\n<p>0177 6157152<\/p>\n<p>&nbsp;<\/p>\n<p><strong>Die R\u00fcckgabe der Fanglisten(R\u00fcckseite der Gastangelkarte) ist in die nachfolgend markierten Briefk\u00e4sten m\u00f6glich.<\/strong><\/p>\n<p>Briefkasten Spichra Kiesgrube<a href=\"https:\/\/werra-hoerseleck.de\/wp-content\/uploads\/Briefkasten-Spichra.jpg\"><img loading=\"lazy\" decoding=\"async\" class=\"aligncenter wp-image-2005\" src=\"https:\/\/werra-hoerseleck.de\/wp-content\/uploads\/Briefkasten-Spichra.jpg\" alt=\"\" width=\"652\" height=\"299\" srcset=\"https:\/\/werra-hoerseleck.de\/wp-content\/uploads\/Briefkasten-Spichra.jpg 1176w, https:\/\/werra-hoerseleck.de\/wp-content\/uploads\/Briefkasten-Spichra-300x138.jpg 300w, https:\/\/werra-hoerseleck.de\/wp-content\/uploads\/Briefkasten-Spichra-768x352.jpg 768w, https:\/\/werra-hoerseleck.de\/wp-content\/uploads\/Briefkasten-Spichra-1024x469.jpg 1024w\" sizes=\"auto, (max-width: 652px) 100vw, 652px\" \/><span style=\"color: #000000;\">Briefkasten G\u00f6ringen am Blauen Wunder<\/span><\/a> <a href=\"https:\/\/werra-hoerseleck.de\/wp-content\/uploads\/G\u00f6ringen.jpg\"><img loading=\"lazy\" decoding=\"async\" class=\"aligncenter wp-image-2006\" src=\"https:\/\/werra-hoerseleck.de\/wp-content\/uploads\/G\u00f6ringen.jpg\" alt=\"\" width=\"605\" height=\"396\" srcset=\"https:\/\/werra-hoerseleck.de\/wp-content\/uploads\/G\u00f6ringen.jpg 897w, https:\/\/werra-hoerseleck.de\/wp-content\/uploads\/G\u00f6ringen-300x196.jpg 300w, https:\/\/werra-hoerseleck.de\/wp-content\/uploads\/G\u00f6ringen-768x503.jpg 768w\" sizes=\"auto, (max-width: 605px) 100vw, 605px\" \/><span style=\"color: #000000;\">Briefkasten Pferdsdorf Toter Arm\u00a0<\/span><\/a><\/p>\n<p><a href=\"https:\/\/werra-hoerseleck.de\/wp-content\/uploads\/Briefkasten-Toter-Arm.jpg\"><img loading=\"lazy\" decoding=\"async\" class=\"aligncenter wp-image-2011\" src=\"https:\/\/werra-hoerseleck.de\/wp-content\/uploads\/Briefkasten-Toter-Arm.jpg\" alt=\"\" width=\"699\" height=\"336\" srcset=\"https:\/\/werra-hoerseleck.de\/wp-content\/uploads\/Briefkasten-Toter-Arm.jpg 1155w, https:\/\/werra-hoerseleck.de\/wp-content\/uploads\/Briefkasten-Toter-Arm-300x144.jpg 300w, https:\/\/werra-hoerseleck.de\/wp-content\/uploads\/Briefkasten-Toter-Arm-768x369.jpg 768w, https:\/\/werra-hoerseleck.de\/wp-content\/uploads\/Briefkasten-Toter-Arm-1024x492.jpg 1024w\" sizes=\"auto, (max-width: 699px) 100vw, 699px\" \/><\/a><\/p>\n","protected":false},"excerpt":{"rendered":"<p>Werte G\u00e4ste, Werte Gastangler,\u00a0 Es erfolgt kein Verkauf von Tageskarten an Inhaber von Touristenscheinen!! &nbsp; dieser Bereich ist f\u00fcr Gastangler&hellip;<\/p>\n","protected":false},"author":1,"featured_media":0,"parent":0,"menu_order":0,"comment_status":"closed","ping_status":"closed","template":"","meta":{"footnotes":""},"class_list":["post-342","page","type-page","status-publish","hentry"],"_links":{"self":[{"href":"https:\/\/werra-hoerseleck.de\/index.php?rest_route=\/wp\/v2\/pages\/342","targetHints":{"allow":["GET"]}}],"collection":[{"href":"https:\/\/werra-hoerseleck.de\/index.php?rest_route=\/wp\/v2\/pages"}],"about":[{"href":"https:\/\/werra-hoerseleck.de\/index.php?rest_route=\/wp\/v2\/types\/page"}],"author":[{"embeddable":true,"href":"https:\/\/werra-hoerseleck.de\/index.php?rest_route=\/wp\/v2\/users\/1"}],"replies":[{"embeddable":true,"href":"https:\/\/werra-hoerseleck.de\/index.php?rest_route=%2Fwp%2Fv2%2Fcomments&post=342"}],"version-history":[{"count":38,"href":"https:\/\/werra-hoerseleck.de\/index.php?rest_route=\/wp\/v2\/pages\/342\/revisions"}],"predecessor-version":[{"id":2676,"href":"https:\/\/werra-hoerseleck.de\/index.php?rest_route=\/wp\/v2\/pages\/342\/revisions\/2676"}],"wp:attachment":[{"href":"https:\/\/werra-hoerseleck.de\/index.php?rest_route=%2Fwp%2Fv2%2Fmedia&parent=342"}],"curies":[{"name":"wp","href":"https:\/\/api.w.org\/{rel}","templated":true}]}}