{"id":308,"date":"2018-11-02T19:53:20","date_gmt":"2018-11-02T18:53:20","guid":{"rendered":"http:\/\/werra-hoerseleck.de\/?page_id=308"},"modified":"2024-10-24T10:36:32","modified_gmt":"2024-10-24T09:36:32","slug":"datenschutzerklarung","status":"publish","type":"page","link":"https:\/\/werra-hoerseleck.de\/?page_id=308","title":{"rendered":"Datenschutzerkl\u00e4rung"},"content":{"rendered":"<h3 class=\"western\"><strong>Sportfischerverein Werra-H\u00f6rseleck E.V.<\/strong><\/h3>\n<h3 class=\"western\"><strong>Madelblick 8<\/strong><strong><br \/>\n<\/strong><strong>99819 Krauthausen<\/strong><strong><br \/>\nDeutschland <\/strong><\/h3>\n<p><strong>vertreten durch den 1. Vorsitzenden J\u00fcrgen Rodeck<\/strong><strong><br \/>\n<\/strong><\/p>\n<p><strong>Telefon ol73 l847958<\/strong><strong><br \/>\nEmail <\/strong><span id=\"cloak86a6fedf21b00c55673a76d8d2c2389e\"><\/span>asv.werra-hoerseleck [@] gmx.de<\/p>\n<p>&nbsp;<\/p>\n<p>Die verantwortliche Stelle entscheidet allein oder gemeinsam mit anderen \u00fcber die Zwecke und Mittel der Verarbeitung von personenbezogenen Daten (z.B. Namen, Kontaktdaten o. \u00c4.).<br \/>\nWir weisen darauf hin, dass die internetbasierte Daten\u00fcbertragung Sicherheitsl\u00fccken aufweist, ein l\u00fcckenloser Schutz vor Zugriffen durch Dritte somit unm\u00f6glich ist.<\/p>\n<p><strong>2. Widerruf Ihrer Einwilligung zur Datenverarbeitung<\/strong><strong><br \/>\n<\/strong>Sofern die Datenverarbeitung nicht auf der Grundlage des Art. 6 Abs. 1 lit. b DSGVO, also die Verarbeitung von Daten zur Erf\u00fcllung eines Vertrags oder vorvertraglicher Ma\u00dfnahmen, erfolgt, wird f\u00fcr die Datenverarbeitung Ihre ausdr\u00fccklichen Einwilligung ben\u00f6tigt. Ein Widerruf Ihrer bereits erteilten Einwilligung ist jederzeit m\u00f6glich. F\u00fcr den Widerruf gen\u00fcgt eine formlose Mitteilung per E-Mail. Die Rechtm\u00e4\u00dfigkeit der bis zum Widerruf erfolgten Datenverarbeitung bleibt vom Widerruf unber\u00fchrt.<\/p>\n<p><strong>3. Recht auf Beschwerde bei der zust\u00e4ndigen Aufsichtsbeh\u00f6rde<\/strong><strong><br \/>\n<\/strong>Als Betroffener steht Ihnen im Falle eines datenschutzrechtlichen Versto\u00dfes ein Beschwerderecht bei der zust\u00e4ndigen Aufsichtsbeh\u00f6rde zu. Zust\u00e4ndige Aufsichtsbeh\u00f6rde bez\u00fcglich datenschutzrechtlicher Fragen ist \u201eDer Th\u00fcringer Landesbeauftragte f\u00fcr den Datenschutz \u201c.<\/p>\n<p><strong>4. Recht auf Daten\u00fcbertragbarkeit<\/strong><strong><br \/>\n<\/strong>Ihnen steht das Recht zu, Daten, die wir auf Grundlage Ihrer Einwilligung oder in Erf\u00fcllung eines Vertrags automatisiert verarbeiten, an sich oder an Dritte aush\u00e4ndigen zu lassen. Die Bereitstellung erfolgt in einem maschinenlesbaren Format. Sofern Sie die direkte \u00dcbertragung der Daten an einen anderen Verantwortlichen verlangen, erfolgt dies nur, soweit es technisch machbar ist.<\/p>\n<p><strong>5. SSL- bzw. TLS-Verschl\u00fcsselung<\/strong><strong><br \/>\n<\/strong>Aus Sicherheitsgr\u00fcnden und zum Schutz der \u00dcbertragung vertraulicher Inhalte, die Sie an uns als Seitenbetreiber senden, nutzt unsere Website k\u00fcnftig eine SSL-bzw. TLS-Verschl\u00fcsselung. Damit sind Daten, die Sie \u00fcber diese Website \u00fcbermitteln, f\u00fcr Dritte nicht mitlesbar. Sie erkennen eine verschl\u00fcsselte Verbindung an der \u201ehttps:\/\/\u201c Adresszeile Ihres Browsers und am Schloss-Symbol in der Browserzeile.<\/p>\n<p><strong>6. Server-Log-Dateien<\/strong><strong><br \/>\n<\/strong>In Server-Log-Dateien erhebt und speichert der Provider der Website automatisch Informationen, die Ihr Browser automatisch an uns \u00fcbermittelt. Dies sind:<\/p>\n<ul>\n<li>Browsertyp und Browserversion<\/li>\n<li>Verwendetes Betriebssystem<\/li>\n<li>Referrer URL<\/li>\n<li>Hostname des zugreifenden Rechners<\/li>\n<li>Uhrzeit der Serveranfrage<\/li>\n<li>IP-Adresse<\/li>\n<\/ul>\n<p>Es findet keine Zusammenf\u00fchrung dieser Daten mit anderen Datenquellen statt. Grundlage der Datenverarbeitung bildet Art. 6 Abs. 1 lit. b DSGVO, der die Verarbeitung von Daten zur Erf\u00fcllung eines Vertrags oder vorvertraglicher Ma\u00dfnahmen gestattet.<\/p>\n<p><strong>7. Registrierung auf dieser Website<\/strong><strong><br \/>\n<\/strong>Wir bieten Ihnen auf unserer Seite die M\u00f6glichkeit, sich dort f\u00fcr den zugangsbeschr\u00e4nkten Mitgliederbereich zu registrieren. Die \u00fcbermittelten Daten dienen ausschlie\u00dflich zum Zwecke der Nutzung des jeweiligen Angebotes oder Dienstes. Diese Daten werden ben\u00f6tigt, um die Berechtigung des Zugangs zum gesch\u00fctzten Bereich zu pr\u00fcfen. Bei der Registrierung abgefragte Pflichtangaben sind vollst\u00e4ndig anzugeben. Andernfalls werden wir die Registrierung ablehnen.<br \/>\nIm Falle wichtiger \u00c4nderungen, etwa aus technischen Gr\u00fcnden, informieren wir Sie per E-Mail. Die E-Mail wird an die Adresse versendet, die bei der Registrierung angegeben wurde.<br \/>\nDie Verarbeitung der bei der Registrierung eingegebenen Daten erfolgt auf Grundlage Ihrer Einwilligung (Art. 6 Abs. 1 lit. a DSGVO). Ein Widerruf Ihrer bereits erteilten Einwilligung ist jederzeit m\u00f6glich. F\u00fcr den Widerruf gen\u00fcgt eine formlose Mitteilung per E-Mail. Die Rechtm\u00e4\u00dfigkeit der bereits erfolgten Datenverarbeitung bleibt vom Widerruf unber\u00fchrt.<br \/>\nWir speichern die bei der Registrierung erfassten Daten w\u00e4hrend des Zeitraums, den Sie auf unserer Website registriert sind. Ihren Daten werden gel\u00f6scht, sollten Sie Ihre Registrierung aufheben. Gesetzliche Aufbewahrungsfristen bleiben unber\u00fchrt.<\/p>\n<p><strong>8. Kontaktformular<\/strong><strong><br \/>\n<\/strong>Per Kontaktformular \u00fcbermittelte Daten werden einschlie\u00dflich Ihrer Kontaktdaten gespeichert, um Ihre Anfrage bearbeiten zu k\u00f6nnen oder um f\u00fcr Anschlussfragen bereitzustehen. Eine Weitergabe dieser Daten findet ohne Ihre Einwilligung nicht statt.<br \/>\nDie Verarbeitung der in das Kontaktformular eingegebenen Daten erfolgt ausschlie\u00dflich auf Grundlage Ihrer Einwilligung (Art. 6 Abs. 1 lit. a DSGVO). Ein Widerruf Ihrer bereits erteilten Einwilligung ist jederzeit m\u00f6glich. F\u00fcr den Widerruf gen\u00fcgt eine formlose Mitteilung per E-Mail. Die Rechtm\u00e4\u00dfigkeit der bis zum Widerruf erfolgten Datenverarbeitungsvorg\u00e4nge bleibt vom Widerruf unber\u00fchrt.<br \/>\n\u00dcber das Kontaktformular \u00fcbermittelte Daten verbleiben bei uns, bis Sie uns zur L\u00f6schung auffordern, Ihre Einwilligung zur Speicherung widerrufen oder keine Notwendigkeit der Datenspeicherung mehr besteht. Zwingende gesetzliche Bestimmungen \u2013 insbesondere Aufbewahrungsfristen \u2013 bleiben unber\u00fchrt.<\/p>\n<p><strong>9. Speicherdauer von Beitr\u00e4gen und Kommentaren<\/strong><strong><br \/>\n<\/strong>Beitr\u00e4ge und Kommentare sowie damit in Verbindung stehende Daten, wie beispielsweise IP-Adressen, werden gespeichert. Der Inhalt verbleibt auf unserer Website, bis er vollst\u00e4ndig gel\u00f6scht wurde oder aus rechtlichen Gr\u00fcnden gel\u00f6scht werden musste.<br \/>\nDie Speicherung der Beitr\u00e4ge und Kommentare erfolgt auf Grundlage Ihrer Einwilligung (Art. 6 Abs. 1 lit. a DSGVO). Ein Widerruf Ihrer bereits erteilten Einwilligung ist jederzeit m\u00f6glich. F\u00fcr den Widerruf gen\u00fcgt eine formlose Mitteilung per E-Mail. Die Rechtm\u00e4\u00dfigkeit bereits erfolgter Datenverarbeitungsvorg\u00e4nge bleibt vom Widerruf unber\u00fchrt.<\/p>\n<p><strong>10. Newsletter-Daten<\/strong><strong><br \/>\n<\/strong>Wir bieten Ihnen auf unserer Seite \u2013 in Zukunft &#8211; die M\u00f6glichkeit, unseren Newsletter zu abonnieren. Mit diesem Newsletter informieren wir in regelm\u00e4\u00dfigen Abst\u00e4nden \u00fcber Neuigkeiten aus dem Landesverband. Da der Newsletter nur f\u00fcr Mitglieder bestimmt ist, ben\u00f6tigen wir zur \u00dcberpr\u00fcfung der Berechtigung bei der Registrierung folgende Angaben:<br \/>\n<strong>Name, Vorname, Mitgliedsnummer, Email<\/strong><strong><br \/>\n<\/strong>Zum Versenden unseres Newsletters ben\u00f6tigen wir von Ihnen eine E-Mail-Adresse, da dieser ausschlie\u00dflich elektronisch versendet wird. Eine Verifizierung der angegebenen E-Mail-Adresse ist notwendig um in den Empfang des Newsletters einzuwilligen. Mit Ihrer Anmeldung zu unserem Newsletter werden wir Ihre IP-Adresse und das Datum sowie die Uhrzeit Ihrer Anmeldung speichern. Die Verwendung der Daten erfolgt ausschlie\u00dflich f\u00fcr den Versand des Newsletters.<br \/>\nDie bei der Newsletteranmeldung gemachten Daten werden ausschlie\u00dflich auf Grundlage Ihrer Einwilligung (Art. 6 Abs. 1 lit. a DSGVO) verarbeitet. Ein Widerruf Ihrer bereits erteilten Einwilligung ist jederzeit m\u00f6glich. F\u00fcr den Widerruf gen\u00fcgt eine formlose Mitteilung per E-Mail oder Sie melden sich \u00fcber den \u201cAustragen\u201d-Link im Newsletter ab. Die Rechtm\u00e4\u00dfigkeit der bereits erfolgten Datenverarbeitungsvorg\u00e4nge bleibt vom Widerruf unber\u00fchrt.<br \/>\nZur Einrichtung des Abonnements eingegebene Daten werden im Falle der Abmeldung gel\u00f6scht. Sollten diese Daten f\u00fcr andere Zwecke und an anderer Stelle an uns \u00fcbermittelt worden sein, verbleiben diese weiterhin bei uns.<\/p>\n<p><strong>11. Cookies<\/strong><strong><br \/>\n<\/strong>Unsere Website verwendet Cookies. Das sind kleine Textdateien, die Ihr Webbrowser auf Ihrem Endger\u00e4t speichert. Cookies helfen uns dabei, unser Angebot nutzerfreundlicher, effektiver und sicherer zu machen.<br \/>\nEinige Cookies sind \u201cSession-Cookies.\u201d Solche Cookies werden nach Ende Ihrer Browser-Sitzung von selbst gel\u00f6scht. Hingegen bleiben andere Cookies auf Ihrem Endger\u00e4t bestehen, bis Sie diese selbst l\u00f6schen. Solche Cookies helfen uns, Sie bei R\u00fcckkehr auf unserer Website wiederzuerkennen.<br \/>\nMit einem modernen Webbrowser k\u00f6nnen Sie das Setzen von Cookies \u00fcberwachen, einschr\u00e4nken oder unterbinden. Viele Webbrowser lassen sich so konfigurieren, dass Cookies mit dem Schlie\u00dfen des Programms von selbst gel\u00f6scht werden. Die Deaktivierung von Cookies kann eine eingeschr\u00e4nkte Funktionalit\u00e4t unserer Website zur Folge haben.<br \/>\nDas Setzen von Cookies, die zur Aus\u00fcbung elektronischer Kommunikationsvorg\u00e4nge oder der Bereitstellung bestimmter, von Ihnen erw\u00fcnschter Funktionen (z.B. Warenkorb) notwendig sind, erfolgt auf Grundlage von Art. 6 Abs. 1 lit. f DSGVO. Als Betreiber dieser Website haben wir ein berechtigtes Interesse an der Speicherung von Cookies zur technisch fehlerfreien und reibungslosen Bereitstellung unserer Dienste. Sofern die Setzung anderer Cookies (z.B. f\u00fcr Analyse-Funktionen) erfolgt, werden diese in dieser Datenschutzerkl\u00e4rung separat behandelt.<\/p>\n<p><b>12. Einsatz von Google-Maps<\/b><b><br \/>\n<\/b>Wir setzen auf unserer Seite k\u00fcnftig die Komponente \u201cGoogle Maps\u201d der Firma Google Inc., 1600 Amphitheatre Parkway, Mountain View, CA 94043 USA, nachfolgend \u201eGoogle\u201c, ein.<br \/>\nBei jedem einzelnen Aufruf der Komponente \u201cGoogle Maps\u201d wird von Google ein Cookie gesetzt, um bei der Anzeige der Seite, auf der die Komponente \u201cGoogle Maps\u201d integriert ist, Nutzereinstellungen und -daten zu verarbeiten. Dieses Cookie wird im Regelfall nicht durch das Schlie\u00dfen des Browsers gel\u00f6scht, sondern l\u00e4uft nach einer bestimmten Zeit ab, soweit es nicht von Ihnen zuvor manuell gel\u00f6scht wird.Wenn Sie mit dieser Verarbeitung Ihrer Daten nicht einverstanden sind, so besteht die M\u00f6glichkeit, den Service von \u201cGoogle Maps\u201d zu deaktivieren und auf diesem Weg die \u00dcbertragung von Daten an Google zu verhindern. Dazu m\u00fcssen Sie die Java-Script-Funktion in Ihrem Browser deaktivieren. Wir weisen Sie jedoch darauf hin, dass Sie in diesem Fall die \u201cGoogle Maps\u201d nicht oder nur eingeschr\u00e4nkt nutzen k\u00f6nnen.<br \/>\nDie Nutzung von \u201cGoogle Maps\u201d und der \u00fcber \u201cGoogle Maps\u201d erlangten Informationen erfolgt gem\u00e4\u00df den\u00a0Google-Nutzungsbedingungen<br \/>\n<a href=\"http:\/\/www.google.de\/intl\/de\/policies\/terms\/regional.html\" target=\"_blank\" rel=\"noopener noreferrer\">http:\/\/www.google.de\/intl\/de\/policies\/terms\/regional.html<br \/>\n<\/a>sowie der zus\u00e4tzlichen\u00a0Gesch\u00e4ftsbedingungen f\u00fcr \u201eGoogle Maps\u201c<br \/>\n<a href=\"https:\/\/www.google.com\/intl\/de_de\/help\/terms_maps.html\" target=\"_blank\" rel=\"noopener noreferrer\">https:\/\/www.google.com\/intl\/de_de\/help\/terms_maps.html<\/a>.<\/p>\n<p><strong>13. Einsatz von reCAPTCHA<\/strong><br \/>\nUm Eingabeformulare auf unserer Seite zu sch\u00fctzen, setzen wir u.U. den Dienst \u201ereCAPTCHA\u201c der Firma Google Inc., 1600 Amphitheatre Parkway, Mountain View, CA 94043 USA, nachfolgend \u201eGoogle\u201c, ein. Durch den Einsatz dieses Dienstes kann unterschieden werden, ob die entsprechende Eingabe menschlicher Herkunft ist oder durch automatisierte maschinelle Verarbeitung missbr\u00e4uchlich erfolgt.<br \/>\nNach unserer Kenntnis werden die Referrer-URL, die IP-Adresse, das Verhalten der Webseitenbesucher, Informationen \u00fcber Betriebssystem, Browser und Verweildauer, Cookies, Darstellungsanweisungen und Skripte, das Eingabeverhalten des Nutzers sowie Mausbewegungen im Bereich der \u201ereCAPTCHA\u201c-Checkbox an \u201eGoogle\u201c \u00fcbertragen.<br \/>\nGoogle verwendet die so erlangten Informationen unter anderem dazu, B\u00fccher und andere Druckerzeugnisse zu digitalisieren sowie Dienste wie Google Street View und Google Maps zu optimieren (bspw. Hausnummern- und Stra\u00dfennamenerkennung).<br \/>\nDie im Rahmen von \u201ereCAPTCHA\u201c \u00fcbermittelte IP-Adresse wird nicht mit anderen Daten von Google zusammengef\u00fchrt, au\u00dfer Sie sind zum Zeitpunkt der Nutzung des \u201ereCAPTCHA\u201c-Plug-ins bei Ihrem Google-Account angemeldet. Wenn Sie diese \u00dcbermittlung und Speicherung von Daten \u00fcber Sie und Ihr Verhalten auf unserer Webseite durch \u201eGoogle\u201c unterbinden wollen, m\u00fcssen Sie sich bei \u201eGoogle\u201c ausloggen und zwar bevor Sie unsere Seite besuchen bzw. das reCAPTCHA Plug-in benutzen.<br \/>\nDie Nutzung des Dienstes \u201ereCAPTCHA\u201c erlangten Informationen erfolgt gem\u00e4\u00df den\u00a0Google-Nutzungsbedingungen:<br \/>\n<a href=\"https:\/\/www.google.com\/intl\/de\/policies\/privacy\/\">https:\/\/www.google.com\/intl\/de\/policies\/privacy\/<\/a><\/p>\n<p><b>14. Kontakt Datenschutzbeauftragter<\/b><br \/>\nF\u00fcr Auskunft, Anregungen und Beschwerden hinsichtlich der Verarbeitung Ihrer personenbezogenen Daten, k\u00f6nnen Sie sich an unseren Beauftragten f\u00fcr den Datenschutz wenden.<br \/>\nSollten trotz unserer Bem\u00fchungen um Datenrichtigkeit und Aktualit\u00e4t falsche Informationen gespeichert sein, werden wir diese auf Ihre Aufforderung hin berichtigen.<br \/>\n<strong>Datenschutzbeauftragter: <span id=\"cloak00356fb8bdc91e95541d6fc2318e8f85\"><a href=\"mailto:Datenschutzbeauftragter@datenschutz.thueringen.de\">Datenschutzbeauftragter@datenschutz.thueringen.de<\/a><\/span><\/strong><br \/>\n(registriert beim \u201eDer Th\u00fcringer Landesbeauftragte f\u00fcr den Datenschutz \u201c)<\/p>\n","protected":false},"excerpt":{"rendered":"<p>Sportfischerverein Werra-H\u00f6rseleck E.V. Madelblick 8 99819 Krauthausen Deutschland vertreten durch den 1. Vorsitzenden J\u00fcrgen Rodeck Telefon ol73 l847958 Email asv.werra-hoerseleck&hellip;<\/p>\n","protected":false},"author":1,"featured_media":0,"parent":0,"menu_order":0,"comment_status":"closed","ping_status":"closed","template":"","meta":{"footnotes":""},"class_list":["post-308","page","type-page","status-publish","hentry"],"_links":{"self":[{"href":"https:\/\/werra-hoerseleck.de\/index.php?rest_route=\/wp\/v2\/pages\/308","targetHints":{"allow":["GET"]}}],"collection":[{"href":"https:\/\/werra-hoerseleck.de\/index.php?rest_route=\/wp\/v2\/pages"}],"about":[{"href":"https:\/\/werra-hoerseleck.de\/index.php?rest_route=\/wp\/v2\/types\/page"}],"author":[{"embeddable":true,"href":"https:\/\/werra-hoerseleck.de\/index.php?rest_route=\/wp\/v2\/users\/1"}],"replies":[{"embeddable":true,"href":"https:\/\/werra-hoerseleck.de\/index.php?rest_route=%2Fwp%2Fv2%2Fcomments&post=308"}],"version-history":[{"count":6,"href":"https:\/\/werra-hoerseleck.de\/index.php?rest_route=\/wp\/v2\/pages\/308\/revisions"}],"predecessor-version":[{"id":2600,"href":"https:\/\/werra-hoerseleck.de\/index.php?rest_route=\/wp\/v2\/pages\/308\/revisions\/2600"}],"wp:attachment":[{"href":"https:\/\/werra-hoerseleck.de\/index.php?rest_route=%2Fwp%2Fv2%2Fmedia&parent=308"}],"curies":[{"name":"wp","href":"https:\/\/api.w.org\/{rel}","templated":true}]}}